{"id":16,"date":"2024-12-15T13:08:31","date_gmt":"2024-12-15T13:08:31","guid":{"rendered":"https:\/\/bicycleandcoffee.com\/contact-us\/"},"modified":"2025-03-10T15:29:28","modified_gmt":"2025-03-10T15:29:28","slug":"kapcsolat","status":"publish","type":"page","link":"https:\/\/bicycleandcoffee.com\/?page_id=16","title":{"rendered":"Kapcsolat"},"content":{"rendered":"\t\t<div data-elementor-type=\"wp-page\" data-elementor-id=\"16\" class=\"elementor elementor-16\" data-elementor-post-type=\"page\">\n\t\t\t\t<div class=\"elementor-element elementor-element-24c16cf6 e-flex e-con-boxed e-con e-parent\" data-id=\"24c16cf6\" data-element_type=\"container\" data-e-type=\"container\">\n\t\t\t\t\t<div class=\"e-con-inner\">\n\t\t<div class=\"elementor-element elementor-element-71f79242 e-con-full e-flex e-con e-child\" data-id=\"71f79242\" data-element_type=\"container\" data-e-type=\"container\">\n\t\t\t\t<div class=\"elementor-element elementor-element-4083a1f8 elementor-widget__width-initial elementor-invisible elementor-widget elementor-widget-heading\" data-id=\"4083a1f8\" data-element_type=\"widget\" data-e-type=\"widget\" data-settings=\"{&quot;_animation&quot;:&quot;fadeIn&quot;}\" data-widget_type=\"heading.default\">\n\t\t\t\t\t<h2 class=\"elementor-heading-title elementor-size-default\">L\u00c9PJ VEL\u00dcNK KAPCSOLATBA<\/h2>\t\t\t\t<\/div>\n\t\t\t\t<div class=\"elementor-element elementor-element-598f206 elementor-icon-list--layout-traditional elementor-list-item-link-full_width elementor-widget elementor-widget-icon-list\" data-id=\"598f206\" data-element_type=\"widget\" data-e-type=\"widget\" data-widget_type=\"icon-list.default\">\n\t\t\t\t\t\t\t<ul class=\"elementor-icon-list-items\">\n\t\t\t\t\t\t\t<li class=\"elementor-icon-list-item\">\n\t\t\t\t\t\t\t\t\t\t<span class=\"elementor-icon-list-text\"><b>N\u00e9v:<\/b> Bicycle <span style=\"white-space: normal;color: rgb(0, 0, 0);font-size: medium\">&amp; Coffee<\/span><\/span>\n\t\t\t\t\t\t\t\t\t<\/li>\n\t\t\t\t\t\t\t\t<li class=\"elementor-icon-list-item\">\n\t\t\t\t\t\t\t\t\t\t<span class=\"elementor-icon-list-text\"><b>Telefonsz\u00e1m:<\/b> 06 70 554 0727<\/span>\n\t\t\t\t\t\t\t\t\t<\/li>\n\t\t\t\t\t\t\t\t<li class=\"elementor-icon-list-item\">\n\t\t\t\t\t\t\t\t\t\t<span class=\"elementor-icon-list-text\"><b>Email:<\/b> hello@bicycleandcoffee.com<\/span>\n\t\t\t\t\t\t\t\t\t<\/li>\n\t\t\t\t\t\t<\/ul>\n\t\t\t\t\t\t<\/div>\n\t\t\t\t<\/div>\n\t\t<div class=\"elementor-element elementor-element-68890400 e-con-full e-flex e-con e-child\" data-id=\"68890400\" data-element_type=\"container\" data-e-type=\"container\" data-settings=\"{&quot;background_background&quot;:&quot;classic&quot;}\">\n\t\t\t\t<\/div>\n\t\t\t\t\t<\/div>\n\t\t\t\t<\/div>\n\t\t<div class=\"elementor-element elementor-element-60adac84 e-flex e-con-boxed e-con e-parent\" data-id=\"60adac84\" data-element_type=\"container\" data-e-type=\"container\" data-settings=\"{&quot;background_background&quot;:&quot;classic&quot;}\">\n\t\t\t\t\t<div class=\"e-con-inner\">\n\t\t\t\t<div class=\"elementor-element elementor-element-30214319 elementor-widget elementor-widget-heading\" data-id=\"30214319\" data-element_type=\"widget\" data-e-type=\"widget\" data-widget_type=\"heading.default\">\n\t\t\t\t\t<h1 class=\"elementor-heading-title elementor-size-default\">\u00cdrj nek\u00fcnk!<\/h1>\t\t\t\t<\/div>\n\t\t\t\t<div class=\"elementor-element elementor-element-74ee3f25 elementor-widget elementor-widget-text-editor\" data-id=\"74ee3f25\" data-element_type=\"widget\" data-e-type=\"widget\" data-widget_type=\"text-editor.default\">\n\t\t\t\t\t\t\t\t\t<p>T\u00f6ltsd ki az al\u00e1bbi \u0171rlapot, \u00e9s hamarosan felvessz\u00fck veled a kapcsolatot.<\/p>\t\t\t\t\t\t\t\t<\/div>\n\t\t\t\t<div class=\"elementor-element elementor-element-525c48c1 elementor-button-align-center elementor-widget elementor-widget-form\" data-id=\"525c48c1\" data-element_type=\"widget\" data-e-type=\"widget\" data-settings=\"{&quot;step_next_label&quot;:&quot;K\\u00f6vetkez\\u0151&quot;,&quot;step_previous_label&quot;:&quot;El\\u0151z\\u0151&quot;,&quot;button_width&quot;:&quot;100&quot;,&quot;step_type&quot;:&quot;number_text&quot;,&quot;step_icon_shape&quot;:&quot;circle&quot;}\" data-widget_type=\"form.default\">\n\t\t\t\t\t\t\t<form class=\"elementor-form\" method=\"post\" name=\"Contact Form\" aria-label=\"Contact Form\">\n\t\t\t<input type=\"hidden\" name=\"post_id\" value=\"16\"\/>\n\t\t\t<input type=\"hidden\" name=\"form_id\" value=\"525c48c1\"\/>\n\t\t\t<input type=\"hidden\" name=\"referer_title\" value=\"\" \/>\n\n\t\t\t\n\t\t\t<div class=\"elementor-form-fields-wrapper elementor-labels-above\">\n\t\t\t\t\t\t\t\t<div class=\"elementor-field-type-text elementor-field-group elementor-column elementor-field-group-name elementor-col-50 elementor-field-required elementor-mark-required\">\n\t\t\t\t\t\t\t\t\t\t\t\t<label for=\"form-field-name\" class=\"elementor-field-label\">\n\t\t\t\t\t\t\t\tN\u00e9v\t\t\t\t\t\t\t<\/label>\n\t\t\t\t\t\t\t\t\t\t\t\t\t\t<input size=\"1\" type=\"text\" name=\"form_fields[name]\" id=\"form-field-name\" class=\"elementor-field elementor-size-sm  elementor-field-textual\" placeholder=\"N\u00e9v\" required=\"required\">\n\t\t\t\t\t\t\t\t\t\t\t<\/div>\n\t\t\t\t\t\t\t\t<div class=\"elementor-field-type-email elementor-field-group elementor-column elementor-field-group-email elementor-col-50 elementor-field-required elementor-mark-required\">\n\t\t\t\t\t\t\t\t\t\t\t\t<label for=\"form-field-email\" class=\"elementor-field-label\">\n\t\t\t\t\t\t\t\tEmail\t\t\t\t\t\t\t<\/label>\n\t\t\t\t\t\t\t\t\t\t\t\t\t\t<input size=\"1\" type=\"email\" name=\"form_fields[email]\" id=\"form-field-email\" class=\"elementor-field elementor-size-sm  elementor-field-textual\" placeholder=\"Email\" required=\"required\">\n\t\t\t\t\t\t\t\t\t\t\t<\/div>\n\t\t\t\t\t\t\t\t<div class=\"elementor-field-type-tel elementor-field-group elementor-column elementor-field-group-field_6c180a9 elementor-col-50 elementor-field-required elementor-mark-required\">\n\t\t\t\t\t\t\t\t\t\t\t\t<label for=\"form-field-field_6c180a9\" class=\"elementor-field-label\">\n\t\t\t\t\t\t\t\tTelefonsz\u00e1m\t\t\t\t\t\t\t<\/label>\n\t\t\t\t\t\t\t\t<input size=\"1\" type=\"tel\" name=\"form_fields[field_6c180a9]\" id=\"form-field-field_6c180a9\" class=\"elementor-field elementor-size-sm  elementor-field-textual\" placeholder=\"Telefonsz\u00e1m\" required=\"required\" pattern=\"[0-9()#&amp;+*-=.]+\" title=\"Only numbers and phone characters (#, -, *, etc) are accepted.\">\n\n\t\t\t\t\t\t<\/div>\n\t\t\t\t\t\t\t\t<div class=\"elementor-field-type-text elementor-field-group elementor-column elementor-field-group-field_b743cd7 elementor-col-50 elementor-field-required elementor-mark-required\">\n\t\t\t\t\t\t\t\t\t\t\t\t<label for=\"form-field-field_b743cd7\" class=\"elementor-field-label\">\n\t\t\t\t\t\t\t\tT\u00e1rgy\t\t\t\t\t\t\t<\/label>\n\t\t\t\t\t\t\t\t\t\t\t\t\t\t<input size=\"1\" type=\"text\" name=\"form_fields[field_b743cd7]\" id=\"form-field-field_b743cd7\" class=\"elementor-field elementor-size-sm  elementor-field-textual\" placeholder=\"T\u00e1rgy\" required=\"required\">\n\t\t\t\t\t\t\t\t\t\t\t<\/div>\n\t\t\t\t\t\t\t\t<div class=\"elementor-field-type-textarea elementor-field-group elementor-column elementor-field-group-message elementor-col-100\">\n\t\t\t\t\t\t\t\t\t\t\t\t<label for=\"form-field-message\" class=\"elementor-field-label\">\n\t\t\t\t\t\t\t\t\u00dczenet\t\t\t\t\t\t\t<\/label>\n\t\t\t\t\t\t<textarea class=\"elementor-field-textual elementor-field  elementor-size-sm\" name=\"form_fields[message]\" id=\"form-field-message\" rows=\"4\" placeholder=\"\u00dczenet\"><\/textarea>\t\t\t\t<\/div>\n\t\t\t\t\t\t\t\t<div class=\"elementor-field-group elementor-column elementor-field-type-submit elementor-col-100 e-form__buttons\">\n\t\t\t\t\t<button class=\"elementor-button elementor-size-sm\" type=\"submit\">\n\t\t\t\t\t\t<span class=\"elementor-button-content-wrapper\">\n\t\t\t\t\t\t\t\t\t\t\t\t\t\t\t\t\t\t\t\t\t\t<span class=\"elementor-button-text\">Elk\u00fcld\u00f6m<\/span>\n\t\t\t\t\t\t\t\t\t\t\t\t\t<\/span>\n\t\t\t\t\t<\/button>\n\t\t\t\t<\/div>\n\t\t\t<\/div>\n\t\t<\/form>\n\t\t\t\t\t\t<\/div>\n\t\t\t\t\t<\/div>\n\t\t\t\t<\/div>\n\t\t\t\t<\/div>\n\t\t","protected":false},"excerpt":{"rendered":"<p>L\u00c9PJ VEL\u00dcNK KAPCSOLATBA N\u00e9v: Bicycle &amp; Coffee Telefonsz\u00e1m: 06 70 554 0727 Email: hello@bicycleandcoffee.com \u00cdrj nek\u00fcnk! T\u00f6ltsd ki az al\u00e1bbi \u0171rlapot, \u00e9s hamarosan felvessz\u00fck veled a kapcsolatot.<\/p>\n","protected":false},"author":258167481,"featured_media":0,"parent":0,"menu_order":0,"comment_status":"closed","ping_status":"closed","template":"elementor_header_footer","meta":{"_angie_page":false,"_crdt_document":"","advanced_seo_description":"","jetpack_seo_html_title":"","jetpack_seo_noindex":false,"footnotes":""},"class_list":["post-16","page","type-page","status-publish","hentry"],"jetpack_likes_enabled":true,"jetpack_sharing_enabled":true,"jetpack_shortlink":"https:\/\/wp.me\/Pgdgc7-g","jetpack-related-posts":[{"id":36,"url":"https:\/\/bicycleandcoffee.com\/","url_meta":{"origin":16,"position":0},"title":"F\u0151oldal","author":"Zs\u00f3fia Zille Nagy","date":"2024.12.15.","format":false,"excerpt":"IR\u00c1NY A SHOP T\u00d6RT\u00c9NET\u00dcNK A\u202f\u00a0Bicycle and Coffee\u00a0\u202fa k\u00e1v\u00e9 szeretet\u00e9b\u0151l \u00e9s a ker\u00e9kp\u00e1roz\u00e1s szabads\u00e1g\u00e1b\u00f3l sz\u00fcletett meg. Azok a reggelek inspir\u00e1ltak minket, amikor az els\u0151 korty k\u00e1v\u00e9 adott lend\u00fcletet az indul\u00e1shoz, \u00e9s azok a csod\u00e1s pillanatok, amikor egy f\u00e1raszt\u00f3 emelked\u0151 ut\u00e1n meg\u00e1lltunk a cs\u00facson, hogy \u00e9lvezz\u00fck a term\u00e9szet csendj\u00e9t \u00e9s sz\u00e9ps\u00e9g\u00e9t.\u00a0 B\u0150VEBBEN\u2026","rel":"","context":"Similar post","block_context":{"text":"Similar post","link":""},"img":{"alt_text":"","src":"https:\/\/i0.wp.com\/bicycleandcoffee.com\/wp-content\/uploads\/2025\/02\/kepek-5-1024x576.png?resize=350%2C200&ssl=1","width":350,"height":200,"srcset":"https:\/\/i0.wp.com\/bicycleandcoffee.com\/wp-content\/uploads\/2025\/02\/kepek-5-1024x576.png?resize=350%2C200&ssl=1 1x, https:\/\/i0.wp.com\/bicycleandcoffee.com\/wp-content\/uploads\/2025\/02\/kepek-5-1024x576.png?resize=525%2C300&ssl=1 1.5x, https:\/\/i0.wp.com\/bicycleandcoffee.com\/wp-content\/uploads\/2025\/02\/kepek-5-1024x576.png?resize=700%2C400&ssl=1 2x"},"classes":[]},{"id":32,"url":"https:\/\/bicycleandcoffee.com\/?page_id=32","url_meta":{"origin":16,"position":1},"title":"T\u00f6rt\u00e9net\u00fcnk","author":"Zs\u00f3fia Zille Nagy","date":"2024.12.15.","format":false,"excerpt":"ISMERJ MEG BENN\u00dcNKET T\u00d6RT\u00c9NET\u00dcNK A\u00a0Bicycle and Coffee\u00a0a k\u00e1v\u00e9 szeretet\u00e9b\u0151l \u00e9s a ker\u00e9kp\u00e1roz\u00e1s szabads\u00e1g\u00e1b\u00f3l sz\u00fcletett meg. Azok a reggelek inspir\u00e1ltak minket, amikor az els\u0151 korty k\u00e1v\u00e9 adott lend\u00fcletet az indul\u00e1shoz, \u00e9s azok a csod\u00e1s pillanatok, amikor egy f\u00e1raszt\u00f3 emelked\u0151 ut\u00e1n meg\u00e1lltunk a cs\u00facson, hogy \u00e9lvezz\u00fck a term\u00e9szet csendj\u00e9t \u00e9s sz\u00e9ps\u00e9g\u00e9t.A bring\u00e1z\u00e1s\u2026","rel":"","context":"Similar post","block_context":{"text":"Similar post","link":""},"img":{"alt_text":"","src":"https:\/\/i0.wp.com\/bicycleandcoffee.com\/wp-content\/uploads\/2024\/12\/Nevtelen-terv-60.png?resize=350%2C200&ssl=1","width":350,"height":200,"srcset":"https:\/\/i0.wp.com\/bicycleandcoffee.com\/wp-content\/uploads\/2024\/12\/Nevtelen-terv-60.png?resize=350%2C200&ssl=1 1x, https:\/\/i0.wp.com\/bicycleandcoffee.com\/wp-content\/uploads\/2024\/12\/Nevtelen-terv-60.png?resize=525%2C300&ssl=1 1.5x, https:\/\/i0.wp.com\/bicycleandcoffee.com\/wp-content\/uploads\/2024\/12\/Nevtelen-terv-60.png?resize=700%2C400&ssl=1 2x"},"classes":[]},{"id":3,"url":"https:\/\/bicycleandcoffee.com\/?page_id=3","url_meta":{"origin":16,"position":2},"title":"Adatv\u00e9delmi t\u00e1j\u00e9koztat\u00f3","author":"","date":"2024.12.11.","format":false,"excerpt":"Bicycle and Coffee Webshop \u00c1ltal\u00e1nos Szerz\u0151d\u00e9si Felt\u00e9telek (\u00c1SZF)\u00a0 1. \u00c1ltal\u00e1nos rendelkez\u00e9sek1.1. Jelen dokumentum tartalmazza a Bicycle and Coffee (tov\u00e1bbiakban: Szolg\u00e1ltat\u00f3) \u00e1ltal \u00fczemeltetett https:\/\/bicycleandcoffee.com web\u00e1ruh\u00e1zban t\u00f6rt\u00e9n\u0151 v\u00e1s\u00e1rl\u00e1s felt\u00e9teleit. 1.2. A webshopban t\u00f6rt\u00e9n\u0151 rendel\u00e9s elektronikus \u00faton leadott szerz\u0151d\u00e9snek min\u0151s\u00fcl, amely fizet\u00e9si k\u00f6telezetts\u00e9ggel j\u00e1r. 1.3. Az \u00c1SZF hat\u00e1lya kiterjed minden, a Szolg\u00e1ltat\u00f3 \u00e1ltal\u2026","rel":"","context":"Similar post","block_context":{"text":"Similar post","link":""},"img":{"alt_text":"","src":"","width":0,"height":0},"classes":[]},{"id":21,"url":"https:\/\/bicycleandcoffee.com\/?page_id=21","url_meta":{"origin":16,"position":3},"title":"Term\u00e9keink","author":"Zs\u00f3fia Zille Nagy","date":"2024.12.15.","format":false,"excerpt":"P\u00f6rgesd fel a napod! A k\u00e1v\u00e9inkat gondosan v\u00e1logatott p\u00f6rk\u00f6l\u00e9s \u00e9s pr\u00e9mium min\u0151s\u00e9g jellemzi, hogy minden kortyban ott legyen az energia, ami messzire visz. IR\u00c1NY A SHOP COL dE MINAS L\u00e1gy, mogyor\u00f3s, csokol\u00e1d\u00e9s k\u00e1v\u00e9 Minas Gerais vulkanikus talaj\u00e1r\u00f3l. megn\u00e9zem MAILLOT ROUGE Red Bourbon k\u00e1v\u00e9: \u00e9des, vir\u00e1gos, gy\u00fcm\u00f6lcs\u00f6s harm\u00f3nia Cerrad\u00f3b\u00f3l. megn\u00e9zem PELOTON\u2026","rel":"","context":"Similar post","block_context":{"text":"Similar post","link":""},"img":{"alt_text":"","src":"https:\/\/i0.wp.com\/bicycleandcoffee.com\/wp-content\/uploads\/2025\/02\/kepek-5.png?resize=350%2C200&ssl=1","width":350,"height":200,"srcset":"https:\/\/i0.wp.com\/bicycleandcoffee.com\/wp-content\/uploads\/2025\/02\/kepek-5.png?resize=350%2C200&ssl=1 1x, https:\/\/i0.wp.com\/bicycleandcoffee.com\/wp-content\/uploads\/2025\/02\/kepek-5.png?resize=525%2C300&ssl=1 1.5x, https:\/\/i0.wp.com\/bicycleandcoffee.com\/wp-content\/uploads\/2025\/02\/kepek-5.png?resize=700%2C400&ssl=1 2x, https:\/\/i0.wp.com\/bicycleandcoffee.com\/wp-content\/uploads\/2025\/02\/kepek-5.png?resize=1050%2C600&ssl=1 3x, https:\/\/i0.wp.com\/bicycleandcoffee.com\/wp-content\/uploads\/2025\/02\/kepek-5.png?resize=1400%2C800&ssl=1 4x"},"classes":[]},{"id":318,"url":"https:\/\/bicycleandcoffee.com\/?page_id=318","url_meta":{"origin":16,"position":4},"title":"P\u00e9nzt\u00e1r_k\u00e9sz","author":"","date":"2025.01.27.","format":false,"excerpt":"Sz\u00e1ll\u00edt\u00e1si \u00e9s sz\u00e1ml\u00e1z\u00e1si adatok Vezet\u00e9kn\u00e9v\u00a0*Keresztn\u00e9v\u00a0*C\u00e9gn\u00e9v\u00a0(nem k\u00f6telez\u0151)Orsz\u00e1g\u00a0*Magyarorsz\u00e1gUtca, h\u00e1zsz\u00e1m\u00a0*Emelet, l\u00e9pcs\u0151h\u00e1z, lak\u00e1s, stb.\u00a0(nem k\u00f6telez\u0151)V\u00e1ros\u00a0*\u00c1llam \/ Megye\u00a0(nem k\u00f6telez\u0151) V\u00e1lassz egy opci\u00f3t\u2026B\u00e1cs-KiskunB\u00e9k\u00e9sBaranyaBorsod-Aba\u00faj-Zempl\u00e9nBudapestCsongr\u00e1d-Csan\u00e1dFej\u00e9rGy\u0151r-Moson-SopronHajd\u00fa-BiharHevesJ\u00e1sz-Nagykun-SzolnokKom\u00e1rom-EsztergomN\u00f3gr\u00e1dPestSomogySzabolcs-Szatm\u00e1r-BeregTolnaVasVeszpr\u00e9mZalaIr\u00e1ny\u00edt\u00f3sz\u00e1m\u00a0*Telefonsz\u00e1m\u00a0(nem k\u00f6telez\u0151)Email c\u00edm\u00a0* Megjegyz\u00e9s\u00a0(nem k\u00f6telez\u0151) Rendel\u00e9sed Term\u00e9k R\u00e9sz\u00f6sszeg R\u00e9sz\u00f6sszeg 0\u00a0Ft \u00d6sszeg 0\u00a0Ft Mivel a b\u00f6ng\u00e9sz\u0151d nem t\u00e1mogatja a JavaScript-et vagy ki van kapcsolva, k\u00e9rlek, kattints a V\u00e9g\u00f6sszeg friss\u00edt\u00e9se gombra a rendel\u00e9sed elk\u00fcld\u00e9se el\u0151tt. Ha\u2026","rel":"","context":"Similar post","block_context":{"text":"Similar post","link":""},"img":{"alt_text":"","src":"","width":0,"height":0},"classes":[]}],"_links":{"self":[{"href":"https:\/\/bicycleandcoffee.com\/index.php?rest_route=\/wp\/v2\/pages\/16","targetHints":{"allow":["GET"]}}],"collection":[{"href":"https:\/\/bicycleandcoffee.com\/index.php?rest_route=\/wp\/v2\/pages"}],"about":[{"href":"https:\/\/bicycleandcoffee.com\/index.php?rest_route=\/wp\/v2\/types\/page"}],"author":[{"embeddable":true,"href":"https:\/\/bicycleandcoffee.com\/index.php?rest_route=\/wp\/v2\/users\/258167481"}],"replies":[{"embeddable":true,"href":"https:\/\/bicycleandcoffee.com\/index.php?rest_route=%2Fwp%2Fv2%2Fcomments&post=16"}],"version-history":[{"count":37,"href":"https:\/\/bicycleandcoffee.com\/index.php?rest_route=\/wp\/v2\/pages\/16\/revisions"}],"predecessor-version":[{"id":797,"href":"https:\/\/bicycleandcoffee.com\/index.php?rest_route=\/wp\/v2\/pages\/16\/revisions\/797"}],"wp:attachment":[{"href":"https:\/\/bicycleandcoffee.com\/index.php?rest_route=%2Fwp%2Fv2%2Fmedia&parent=16"}],"curies":[{"name":"wp","href":"https:\/\/api.w.org\/{rel}","templated":true}]}}